{"id":8,"date":"2018-01-26T11:33:18","date_gmt":"2018-01-26T11:33:18","guid":{"rendered":"https:\/\/fcstern-misburg.com\/?page_id=8"},"modified":"2026-04-16T10:27:02","modified_gmt":"2026-04-16T09:27:02","slug":"ansprechperson-trainingszeiten-jugend-2024-2025","status":"publish","type":"page","link":"https:\/\/fcstern-misburg.com\/index.php\/ansprechperson-trainingszeiten-jugend-2024-2025\/","title":{"rendered":"Ansprechpartner \/ Trainingszeiten Jugend 2025\/2026"},"content":{"rendered":"<p style=\"text-align: center;\">\u00a0<\/p>\r\n\r\n<p style=\"text-align: center;\"><img loading=\"lazy\" decoding=\"async\" class=\"alignnone size-full wp-image-399\" src=\"https:\/\/fcstern-misburg.com\/wp-content\/uploads\/2019\/09\/Screenshot_20180426-140210.jpg\" alt=\"\" width=\"680\" height=\"273\" srcset=\"https:\/\/fcstern-misburg.com\/wp-content\/uploads\/2019\/09\/Screenshot_20180426-140210.jpg 680w, https:\/\/fcstern-misburg.com\/wp-content\/uploads\/2019\/09\/Screenshot_20180426-140210-300x120.jpg 300w\" sizes=\"auto, (max-width: 680px) 100vw, 680px\" \/><\/p>\r\n<p style=\"text-align: center;\"><img loading=\"lazy\" decoding=\"async\" class=\"wp-image-1572 alignnone\" src=\"https:\/\/fcstern-misburg.com\/wp-content\/uploads\/2025\/08\/IMG-20250817-WA0032-1024x768.jpg\" alt=\"\" width=\"575\" height=\"431\" srcset=\"https:\/\/fcstern-misburg.com\/wp-content\/uploads\/2025\/08\/IMG-20250817-WA0032-1024x768.jpg 1024w, https:\/\/fcstern-misburg.com\/wp-content\/uploads\/2025\/08\/IMG-20250817-WA0032-300x225.jpg 300w, https:\/\/fcstern-misburg.com\/wp-content\/uploads\/2025\/08\/IMG-20250817-WA0032-768x576.jpg 768w, https:\/\/fcstern-misburg.com\/wp-content\/uploads\/2025\/08\/IMG-20250817-WA0032-1536x1152.jpg 1536w, https:\/\/fcstern-misburg.com\/wp-content\/uploads\/2025\/08\/IMG-20250817-WA0032.jpg 1600w\" sizes=\"auto, (max-width: 575px) 100vw, 575px\" \/><\/p>\r\n<p style=\"text-align: center;\">Folgende Ansprechpartner stehen zur Verf\u00fcgung bei Fragen zu Training, Mannschaften, Trainingszeiten usw:<\/p>\r\n<h2 style=\"text-align: center;\"><strong>Sprecht uns an!<\/strong><\/h2>\r\n<p style=\"text-align: center;\"><strong>Jugendleitung: Erdal Akin 01522-9402490<\/strong><\/p>\r\n<p style=\"text-align: center;\"><strong>stellv. Jugendleiter: Patrick Hylton 0176-62908463<\/strong><\/p>\r\n<h1 style=\"text-align: center;\"><span style=\"color: #ff0000;\"><strong><span style=\"font-family: Roboto, sans-serif;\"><span style=\"font-size: large;\">Ein Probetraining ist <\/span><\/span><span style=\"font-family: Roboto, sans-serif;\"><span style=\"font-size: large;\"><u>nur mit Absprache<\/u><\/span><\/span> <span style=\"font-family: Roboto, sans-serif;\"><span style=\"font-size: large;\">des<\/span><\/span><span style=\"font-family: Roboto, sans-serif;\"><span style=\"font-size: large;\"> Trainer\/in M\u00f6glich. Wir bitten um Verst\u00e4ndnis.<\/span><\/span><\/strong><\/span><\/h1>\r\n<p style=\"text-align: center;\"><a href=\"https:\/\/fcstern-misburg.com\/index.php\/ansprechperson-trainingszeiten-jugend-2016-2017\/1-a-jugend\/\">1. A- Jugend<\/a><span style=\"text-align: center;\"> (2008\u00e8r) Tel: 0511\/582964 (Erreichbar Mo. &#8211; Fr. von 17:30 &#8211; 19:30 Uhr)<\/span><\/p>\r\n<p style=\"text-align: center;\"><a href=\"https:\/\/fcstern-misburg.com\/?page_id=1626&amp;preview=true\">1. B- Jugend<\/a><span style=\"text-align: center;\"> (2009\/2010\u00e8r) Tel: 0511\/582964 (Erreichbar Mo. &#8211; Fr. von 17:30 &#8211; 19:30 Uhr)<\/span><\/p>\r\n<p style=\"text-align: center;\"><a href=\"https:\/\/fcstern-misburg.com\/index.php\/ansprechperson-trainingszeiten-jugend-2024-2025\/1-d-jugend\/\">1. C- Jugend<\/a><span style=\"text-align: center;\"> (2011\/2012\u00e8r) Mustafa \u00d6zcan 0152- 51922553 &amp; Maciej Nickel 0176-84167311 &amp; Henning Hellwig 0176-21360024<\/span><\/p>\r\n<p style=\"text-align: center;\"><a href=\"https:\/\/fcstern-misburg.com\/index.php\/ansprechperson-trainingszeiten-jugend-2016-2017\/2-d-jugend\/\">1. D- Jugend<\/a> (2013\u00e8r) Erdal Akin 0152-29402490, Mail: erdal_akin85@yahoo.de<\/p>\r\n<p style=\"text-align: center;\"><a href=\"https:\/\/fcstern-misburg.com\/index.php\/ansprechperson-trainingszeiten-jugend-2016-2017\/3-d-jugend\/\">2. D- Jugend<\/a> (2013\u00e8r)\u00a0Patrick Hylton 0176-62908463<\/p>\r\n<p style=\"text-align: center;\"><a href=\"https:\/\/fcstern-misburg.com\/index.php\/ansprechperson-trainingszeiten-jugend-2016-2017\/2-E-jugend\/\">1. E- Jugend<\/a><span style=\"text-align: center;\"> (2015\u00e9r) Viktor Zitlau 0152-07411497<\/span><\/p>\r\n<p style=\"text-align: center;\"><a href=\"https:\/\/fcstern-misburg.com\/?page_id=1562&amp;preview=true\">2. E- Jugend<\/a> (2016<span style=\"text-align: center;\">\u00e9r<\/span>) Sven Warnke 0157-32603366<\/p>\r\n<p style=\"text-align: center;\"><a href=\"https:\/\/fcstern-misburg.com\/index.php\/ansprechperson-trainingszeiten-jugend-2016-2017\/1-f-jugend\/\">1. F- Jugend<\/a><span style=\"text-align: center;\"> (2017\u00e8r) Saskia Meier\u00a0 0157-73828862<\/span><\/p>\r\n<p style=\"text-align: center;\"><a href=\"https:\/\/fcstern-misburg.com\/index.php\/ansprechperson-trainingszeiten-jugend-2016-2017\/1-g-jugend\/\">2. F- Jugend<\/a> (2018\u00e8r) Erdal Akin 0152-29402490, Mail: erdal_akin85@yahoo.de<\/p>\r\n<p style=\"text-align: center;\"><a href=\"https:\/\/fcstern-misburg.com\/index.php\/ansprechperson-trainingszeiten-jugend-2016-2017\/2-g-jugend\/\">1. G- Jugend<\/a> (2019\u00e8r)\u00a0Daniel Vieting 0157-71852505<\/p>\r\n<p style=\"text-align: center;\"><a href=\"https:\/\/fcstern-misburg.com\/?page_id=1555&amp;preview=true\">2. G- Jugend<\/a> (2020\u00e8r) Klaus Pavokovic &amp; Axel Hordyk 0511\/582964 (Erreichbar Mo. &#8211; Fr. von 17:30 &#8211; 19:30 Uhr)<\/p>\r\n<p style=\"text-align: center;\">\u00a0 \u00a0 \u00a0 \u00a0 \u00a0 \u00a0 \u00a0 \u00a0 \u00a0 \u00a0 \u00a0 \u00a0 \u00a0 \u00a0 \u00a0 \u00a0 \u00a0 \u00a0 \u00a0 \u00a0 \u00a0 \u00a0 \u00a0 \u00a0 \u00a0 \u00a0 \u00a0 \u00a0 \u00a0 \u00a0 \u00a0 \u00a0 \u00a0 \u00a0 \u00a0 \u00a0 \u00a0 \u00a0 \u00a0 \u00a0 \u00a0 \u00a0 \u00a0 \u00a0 \u00a0 \u00a0 \u00a0 \u00a0 \u00a0 \u00a0 \u00a0 \u00a0 \u00a0 \u00a0 \u00a0 \u00a0<\/p>\r\n<p style=\"text-align: center;\">\u00a0<\/p>\r\n","protected":false},"excerpt":{"rendered":"<p>\u00a0 Folgende Ansprechpartner stehen zur Verf\u00fcgung bei Fragen zu Training, Mannschaften, Trainingszeiten usw: Sprecht uns an! Jugendleitung: Erdal Akin 01522-9402490 stellv. Jugendleiter: Patrick Hylton 0176-62908463 Ein Probetraining ist nur mit Absprache des Trainer\/in M\u00f6glich. Wir bitten um Verst\u00e4ndnis. 1. A- Jugend (2008\u00e8r) Tel: 0511\/582964 (Erreichbar Mo. &#8211; Fr. von 17:30 &#8211; 19:30 Uhr) 1. B- &#8230; <a title=\"Ansprechpartner \/ Trainingszeiten Jugend 2025\/2026\" class=\"read-more\" href=\"https:\/\/fcstern-misburg.com\/index.php\/ansprechperson-trainingszeiten-jugend-2024-2025\/\" aria-label=\"Mehr dazu unter Ansprechpartner \/ Trainingszeiten Jugend 2025\/2026\">Weiterlesen<\/a><\/p>\n","protected":false},"author":1,"featured_media":0,"parent":0,"menu_order":0,"comment_status":"closed","ping_status":"closed","template":"","meta":{"footnotes":""},"class_list":["post-8","page","type-page","status-publish"],"_links":{"self":[{"href":"https:\/\/fcstern-misburg.com\/index.php\/wp-json\/wp\/v2\/pages\/8","targetHints":{"allow":["GET"]}}],"collection":[{"href":"https:\/\/fcstern-misburg.com\/index.php\/wp-json\/wp\/v2\/pages"}],"about":[{"href":"https:\/\/fcstern-misburg.com\/index.php\/wp-json\/wp\/v2\/types\/page"}],"author":[{"embeddable":true,"href":"https:\/\/fcstern-misburg.com\/index.php\/wp-json\/wp\/v2\/users\/1"}],"replies":[{"embeddable":true,"href":"https:\/\/fcstern-misburg.com\/index.php\/wp-json\/wp\/v2\/comments?post=8"}],"version-history":[{"count":243,"href":"https:\/\/fcstern-misburg.com\/index.php\/wp-json\/wp\/v2\/pages\/8\/revisions"}],"predecessor-version":[{"id":1654,"href":"https:\/\/fcstern-misburg.com\/index.php\/wp-json\/wp\/v2\/pages\/8\/revisions\/1654"}],"wp:attachment":[{"href":"https:\/\/fcstern-misburg.com\/index.php\/wp-json\/wp\/v2\/media?parent=8"}],"curies":[{"name":"wp","href":"https:\/\/api.w.org\/{rel}","templated":true}]}}